{"id":6251,"date":"2024-12-26T15:23:15","date_gmt":"2024-12-26T14:23:15","guid":{"rendered":"https:\/\/www.woodgeneration.be\/?page_id=6251"},"modified":"2025-11-29T02:34:20","modified_gmt":"2025-11-29T01:34:20","slug":"politique-de-confidentialite","status":"publish","type":"page","link":"https:\/\/www.woodgeneration.be\/fr\/politique-de-confidentialite\/","title":{"rendered":"Politique de Confidentialit\u00e9"},"content":{"rendered":"<p data-start=\"391\" data-end=\"429\">Derni\u00e8re mise \u00e0 jour : <em data-start=\"414\" data-end=\"429\">Novembre 2025<\/em><\/p>\n<p data-start=\"431\" data-end=\"714\">La pr\u00e9sente politique de confidentialit\u00e9 explique comment <strong data-start=\"489\" data-end=\"507\">WoodGeneration<\/strong> collecte, utilise, prot\u00e8ge et traite vos donn\u00e9es personnelles lorsque vous visitez le site <strong data-start=\"599\" data-end=\"624\"><a class=\"decorated-link\" href=\"http:\/\/www.woodgeneration.be\" target=\"_new\" rel=\"noopener\" data-start=\"601\" data-end=\"622\">www.woodgeneration.be<\/a><\/strong> ou faites appel \u00e0 nos services (vente, installation, r\u00e9novation et entretien de parquet).<\/p>\n<p data-start=\"716\" data-end=\"888\">WoodGeneration s\u2019engage \u00e0 respecter la l\u00e9gislation applicable en mati\u00e8re de protection des donn\u00e9es, notamment le <strong data-start=\"829\" data-end=\"887\">R\u00e8glement G\u00e9n\u00e9ral sur la Protection des Donn\u00e9es (RGPD)<\/strong>.<\/p>\n<hr data-start=\"890\" data-end=\"893\" \/>\n<h2 data-start=\"895\" data-end=\"930\"><strong data-start=\"898\" data-end=\"930\">1. Responsable du Traitement<\/strong><\/h2>\n<p data-start=\"931\" data-end=\"1087\">Le responsable du traitement des donn\u00e9es est :<br data-start=\"977\" data-end=\"980\" \/><strong data-start=\"980\" data-end=\"998\">WoodGeneration<\/strong><br data-start=\"998\" data-end=\"1001\" \/>Site : <a class=\"decorated-link\" href=\"http:\/\/www.woodgeneration.be\" target=\"_new\" rel=\"noopener\" data-start=\"1008\" data-end=\"1029\">www.woodgeneration.be<\/a><br data-start=\"1029\" data-end=\"1032\" \/>Email : pascal@woodgeneration.be<\/p>\n<hr data-start=\"1089\" data-end=\"1092\" \/>\n<h2 data-start=\"1094\" data-end=\"1135\"><strong data-start=\"1097\" data-end=\"1135\">2. Donn\u00e9es personnelles collect\u00e9es<\/strong><\/h2>\n<p data-start=\"1136\" data-end=\"1217\">Nous collectons uniquement les donn\u00e9es n\u00e9cessaires dans le cadre de nos services.<\/p>\n<h3 data-start=\"1219\" data-end=\"1271\"><strong data-start=\"1223\" data-end=\"1271\">2.1. Donn\u00e9es que vous fournissez directement<\/strong><\/h3>\n<ul data-start=\"1272\" data-end=\"1547\">\n<li data-start=\"1272\" data-end=\"1289\">\n<p data-start=\"1274\" data-end=\"1289\">Nom et pr\u00e9nom<\/p>\n<\/li>\n<li data-start=\"1290\" data-end=\"1307\">\n<p data-start=\"1292\" data-end=\"1307\">Adresse email<\/p>\n<\/li>\n<li data-start=\"1308\" data-end=\"1331\">\n<p data-start=\"1310\" data-end=\"1331\">Num\u00e9ro de t\u00e9l\u00e9phone<\/p>\n<\/li>\n<li data-start=\"1332\" data-end=\"1396\">\n<p data-start=\"1334\" data-end=\"1396\">Adresse postale (en cas de devis, intervention ou livraison)<\/p>\n<\/li>\n<li data-start=\"1397\" data-end=\"1476\">\n<p data-start=\"1399\" data-end=\"1476\">Informations concernant votre projet (type de parquet, surface, \u00e9tat, etc.)<\/p>\n<\/li>\n<li data-start=\"1477\" data-end=\"1547\">\n<p data-start=\"1479\" data-end=\"1547\">Toute autre information transmise volontairement via nos formulaires<\/p>\n<\/li>\n<\/ul>\n<h3 data-start=\"1549\" data-end=\"1596\"><strong data-start=\"1553\" data-end=\"1596\">2.2. Donn\u00e9es collect\u00e9es automatiquement<\/strong><\/h3>\n<p data-start=\"1597\" data-end=\"1631\">Lors de votre visite sur le site :<\/p>\n<ul data-start=\"1632\" data-end=\"1741\">\n<li data-start=\"1632\" data-end=\"1646\">\n<p data-start=\"1634\" data-end=\"1646\">Adresse IP<\/p>\n<\/li>\n<li data-start=\"1647\" data-end=\"1669\">\n<p data-start=\"1649\" data-end=\"1669\">Type de navigateur<\/p>\n<\/li>\n<li data-start=\"1670\" data-end=\"1690\">\n<p data-start=\"1672\" data-end=\"1690\">Pages consult\u00e9es<\/p>\n<\/li>\n<li data-start=\"1691\" data-end=\"1714\">\n<p data-start=\"1693\" data-end=\"1714\">Dur\u00e9e de navigation<\/p>\n<\/li>\n<li data-start=\"1715\" data-end=\"1741\">\n<p data-start=\"1717\" data-end=\"1741\">Cookies (voir section 7)<\/p>\n<\/li>\n<\/ul>\n<h3 data-start=\"1743\" data-end=\"1797\"><strong data-start=\"1747\" data-end=\"1797\">2.3. Donn\u00e9es li\u00e9es au paiement (si applicable)<\/strong><\/h3>\n<p data-start=\"1798\" data-end=\"1996\">Si vous proc\u00e9dez \u00e0 un paiement, des services s\u00e9curis\u00e9s tiers (Stripe, PayPal, etc.) peuvent collecter des donn\u00e9es bancaires.<br data-start=\"1922\" data-end=\"1925\" \/>WoodGeneration <strong data-start=\"1940\" data-end=\"1960\">ne stocke jamais<\/strong> vos informations de carte bancaire.<\/p>\n<hr data-start=\"1998\" data-end=\"2001\" \/>\n<h2 data-start=\"2003\" data-end=\"2036\"><strong data-start=\"2006\" data-end=\"2036\">3. Finalit\u00e9s du traitement<\/strong><\/h2>\n<p data-start=\"2037\" data-end=\"2070\">Nous utilisons vos donn\u00e9es pour :<\/p>\n<ul data-start=\"2072\" data-end=\"2368\">\n<li data-start=\"2072\" data-end=\"2142\">\n<p data-start=\"2074\" data-end=\"2142\">R\u00e9pondre \u00e0 vos demandes via les formulaires (devis, contact, etc.)<\/p>\n<\/li>\n<li data-start=\"2143\" data-end=\"2200\">\n<p data-start=\"2145\" data-end=\"2200\">Planifier une visite, un chantier ou une intervention<\/p>\n<\/li>\n<li data-start=\"2201\" data-end=\"2246\">\n<p data-start=\"2203\" data-end=\"2246\">Envoyer des informations sur nos services<\/p>\n<\/li>\n<li data-start=\"2247\" data-end=\"2275\">\n<p data-start=\"2249\" data-end=\"2275\">G\u00e9rer la relation client<\/p>\n<\/li>\n<li data-start=\"2276\" data-end=\"2316\">\n<p data-start=\"2278\" data-end=\"2316\">Am\u00e9liorer notre site et nos services<\/p>\n<\/li>\n<li data-start=\"2317\" data-end=\"2368\">\n<p data-start=\"2319\" data-end=\"2368\">Respecter nos obligations l\u00e9gales et comptables<\/p>\n<\/li>\n<\/ul>\n<p data-start=\"2370\" data-end=\"2418\">Aucune donn\u00e9e n\u2019est vendue ou lou\u00e9e \u00e0 des tiers.<\/p>\n<hr data-start=\"2420\" data-end=\"2423\" \/>\n<h2 data-start=\"2425\" data-end=\"2463\"><strong data-start=\"2428\" data-end=\"2463\">4. Base juridique du traitement<\/strong><\/h2>\n<p data-start=\"2464\" data-end=\"2494\">Les traitements reposent sur :<\/p>\n<ul data-start=\"2496\" data-end=\"2772\">\n<li data-start=\"2496\" data-end=\"2571\">\n<p data-start=\"2498\" data-end=\"2571\"><strong data-start=\"2498\" data-end=\"2520\">Votre consentement<\/strong> (formulaires de contact, cookies non essentiels)<\/p>\n<\/li>\n<li data-start=\"2572\" data-end=\"2637\">\n<p data-start=\"2574\" data-end=\"2637\"><strong data-start=\"2574\" data-end=\"2602\">L\u2019ex\u00e9cution d\u2019un contrat<\/strong> (demandes de devis, prestations)<\/p>\n<\/li>\n<li data-start=\"2638\" data-end=\"2712\">\n<p data-start=\"2640\" data-end=\"2712\"><strong data-start=\"2640\" data-end=\"2666\">Notre int\u00e9r\u00eat l\u00e9gitime<\/strong> (am\u00e9lioration du site, pr\u00e9vention des abus)<\/p>\n<\/li>\n<li data-start=\"2713\" data-end=\"2772\">\n<p data-start=\"2715\" data-end=\"2772\"><strong data-start=\"2715\" data-end=\"2742\">Nos obligations l\u00e9gales<\/strong> (facturation, garantie, etc.)<\/p>\n<\/li>\n<\/ul>\n<hr data-start=\"2774\" data-end=\"2777\" \/>\n<h2 data-start=\"2779\" data-end=\"2823\"><strong data-start=\"2782\" data-end=\"2823\">5. Partage des donn\u00e9es avec des tiers<\/strong><\/h2>\n<p data-start=\"2824\" data-end=\"2878\">Nous partageons vos donn\u00e9es uniquement si n\u00e9cessaire :<\/p>\n<ul data-start=\"2880\" data-end=\"3079\">\n<li data-start=\"2880\" data-end=\"2951\">\n<p data-start=\"2882\" data-end=\"2951\">Sous-traitants techniques (h\u00e9bergement web, outils d\u2019analyse, CRM\u2026)<\/p>\n<\/li>\n<li data-start=\"2952\" data-end=\"3030\">\n<p data-start=\"2954\" data-end=\"3030\">Prestataires intervenant pour votre projet (\u00e9quipe de pose, transporteur\u2026)<\/p>\n<\/li>\n<li data-start=\"3031\" data-end=\"3079\">\n<p data-start=\"3033\" data-end=\"3079\">Autorit\u00e9s publiques en cas d\u2019obligation l\u00e9gale<\/p>\n<\/li>\n<\/ul>\n<p data-start=\"3081\" data-end=\"3180\">Tous les prestataires respectent le RGPD et ne traitent vos donn\u00e9es que pour les finalit\u00e9s pr\u00e9vues.<\/p>\n<hr data-start=\"3182\" data-end=\"3185\" \/>\n<h2 data-start=\"3187\" data-end=\"3218\"><strong data-start=\"3190\" data-end=\"3218\">6. Dur\u00e9e de conservation<\/strong><\/h2>\n<p data-start=\"3219\" data-end=\"3279\">Vos donn\u00e9es sont conserv\u00e9es uniquement le temps n\u00e9cessaire :<\/p>\n<ul data-start=\"3281\" data-end=\"3486\">\n<li data-start=\"3281\" data-end=\"3318\">\n<p data-start=\"3283\" data-end=\"3318\">Demandes de contact : <strong data-start=\"3305\" data-end=\"3316\">12 mois<\/strong><\/p>\n<\/li>\n<li data-start=\"3319\" data-end=\"3353\">\n<p data-start=\"3321\" data-end=\"3353\">Devis non suivis : <strong data-start=\"3340\" data-end=\"3351\">12 mois<\/strong><\/p>\n<\/li>\n<li data-start=\"3354\" data-end=\"3440\">\n<p data-start=\"3356\" data-end=\"3440\">Clients : jusqu\u2019\u00e0 <strong data-start=\"3374\" data-end=\"3384\">10 ans<\/strong> pour les obligations l\u00e9gales (facturation, garanties)<\/p>\n<\/li>\n<li data-start=\"3441\" data-end=\"3486\">\n<p data-start=\"3443\" data-end=\"3486\">Cookies : selon leur dur\u00e9e (voir section 7)<\/p>\n<\/li>\n<\/ul>\n<hr data-start=\"3488\" data-end=\"3491\" \/>\n<h2 data-start=\"3493\" data-end=\"3537\"><strong data-start=\"3496\" data-end=\"3537\">7. Cookies et technologies similaires<\/strong><\/h2>\n<p data-start=\"3538\" data-end=\"3577\">Le site <a class=\"decorated-link\" href=\"http:\/\/www.woodgeneration.be\" target=\"_new\" rel=\"noopener\" data-start=\"3546\" data-end=\"3567\">www.woodgeneration.be<\/a> utilise :<\/p>\n<h3 data-start=\"3579\" data-end=\"3607\"><strong data-start=\"3583\" data-end=\"3605\">Cookies essentiels<\/strong><\/h3>\n<p data-start=\"3608\" data-end=\"3678\">N\u00e9cessaires au fonctionnement du site.<br data-start=\"3646\" data-end=\"3649\" \/>Impossible de les d\u00e9sactiver.<\/p>\n<h3 data-start=\"3680\" data-end=\"3734\"><strong data-start=\"3684\" data-end=\"3732\">Cookies statistiques (ex : Google Analytics)<\/strong><\/h3>\n<p data-start=\"3735\" data-end=\"3774\">Mesure d\u2019audience et analyse de trafic.<\/p>\n<h3 data-start=\"3776\" data-end=\"3819\"><strong data-start=\"3780\" data-end=\"3817\">Cookies marketing (si applicable)<\/strong><\/h3>\n<p data-start=\"3820\" data-end=\"3861\">Publicit\u00e9s personnalis\u00e9es et remarketing.<\/p>\n<p data-start=\"3863\" data-end=\"3964\">Lors de votre premi\u00e8re visite, une banni\u00e8re vous permet de choisir quels cookies accepter ou refuser.<\/p>\n<hr data-start=\"3966\" data-end=\"3969\" \/>\n<h2 data-start=\"3971\" data-end=\"4001\"><strong data-start=\"3974\" data-end=\"4001\">8. S\u00e9curit\u00e9 des donn\u00e9es<\/strong><\/h2>\n<p data-start=\"4002\" data-end=\"4103\">Nous mettons en place des mesures techniques et organisationnelles pour prot\u00e9ger vos donn\u00e9es contre :<\/p>\n<ul data-start=\"4105\" data-end=\"4194\">\n<li data-start=\"4105\" data-end=\"4117\">\n<p data-start=\"4107\" data-end=\"4117\">La perte<\/p>\n<\/li>\n<li data-start=\"4118\" data-end=\"4142\">\n<p data-start=\"4120\" data-end=\"4142\">L\u2019acc\u00e8s non autoris\u00e9<\/p>\n<\/li>\n<li data-start=\"4143\" data-end=\"4161\">\n<p data-start=\"4145\" data-end=\"4161\">La divulgation<\/p>\n<\/li>\n<li data-start=\"4162\" data-end=\"4194\">\n<p data-start=\"4164\" data-end=\"4194\">La modification ou destruction<\/p>\n<\/li>\n<\/ul>\n<p data-start=\"4196\" data-end=\"4320\">Cependant, aucun syst\u00e8me n\u2019est totalement s\u00e9curis\u00e9 ; nous mettons tout en \u0153uvre pour garantir un niveau \u00e9lev\u00e9 de protection.<\/p>\n<hr data-start=\"4322\" data-end=\"4325\" \/>\n<h2 data-start=\"4327\" data-end=\"4354\"><strong data-start=\"4330\" data-end=\"4354\">9. Vos droits (RGPD)<\/strong><\/h2>\n<p data-start=\"4355\" data-end=\"4390\">Vous disposez des droits suivants :<\/p>\n<ul data-start=\"4392\" data-end=\"4729\">\n<li data-start=\"4392\" data-end=\"4461\">\n<p data-start=\"4394\" data-end=\"4461\"><strong data-start=\"4394\" data-end=\"4411\">Droit d\u2019acc\u00e8s<\/strong> : savoir quelles donn\u00e9es nous d\u00e9tenons sur vous<\/p>\n<\/li>\n<li data-start=\"4462\" data-end=\"4520\">\n<p data-start=\"4464\" data-end=\"4520\"><strong data-start=\"4464\" data-end=\"4490\">Droit de rectification<\/strong> : corriger vos informations<\/p>\n<\/li>\n<li data-start=\"4521\" data-end=\"4569\">\n<p data-start=\"4523\" data-end=\"4569\"><strong data-start=\"4523\" data-end=\"4567\">Droit \u00e0 l\u2019effacement (\u00ab\u00a0droit \u00e0 l\u2019oubli\u00a0\u00bb)<\/strong><\/p>\n<\/li>\n<li data-start=\"4570\" data-end=\"4613\">\n<p data-start=\"4572\" data-end=\"4613\"><strong data-start=\"4572\" data-end=\"4611\">Droit \u00e0 la limitation du traitement<\/strong><\/p>\n<\/li>\n<li data-start=\"4614\" data-end=\"4640\">\n<p data-start=\"4616\" data-end=\"4640\"><strong data-start=\"4616\" data-end=\"4638\">Droit d\u2019opposition<\/strong><\/p>\n<\/li>\n<li data-start=\"4641\" data-end=\"4671\">\n<p data-start=\"4643\" data-end=\"4671\"><strong data-start=\"4643\" data-end=\"4669\">Droit \u00e0 la portabilit\u00e9<\/strong><\/p>\n<\/li>\n<li data-start=\"4672\" data-end=\"4729\">\n<p data-start=\"4674\" data-end=\"4729\"><strong data-start=\"4674\" data-end=\"4713\">Droit de retirer votre consentement<\/strong> \u00e0 tout moment<\/p>\n<\/li>\n<\/ul>\n<p data-start=\"4731\" data-end=\"4783\">Pour exercer vos droits :<br data-start=\"4756\" data-end=\"4759\" \/>\ud83d\udce7 pascal@woodgeneration.be<\/p>\n<p data-start=\"4785\" data-end=\"4896\">Vous pouvez \u00e9galement introduire une r\u00e9clamation aupr\u00e8s de l\u2019<strong data-start=\"4846\" data-end=\"4884\">Autorit\u00e9 de Protection des Donn\u00e9es<\/strong> (Belgique).<\/p>\n<hr data-start=\"4898\" data-end=\"4901\" \/>\n<h2 data-start=\"4903\" data-end=\"4928\"><strong data-start=\"4906\" data-end=\"4928\">10. Liens externes<\/strong><\/h2>\n<p data-start=\"4929\" data-end=\"5071\">Notre site peut contenir des liens vers d\u2019autres sites web.<br data-start=\"4988\" data-end=\"4991\" \/>Nous ne sommes pas responsables de leur contenu ou politique de confidentialit\u00e9.<\/p>\n<hr data-start=\"5073\" data-end=\"5076\" \/>\n<h2 data-start=\"5078\" data-end=\"5137\"><strong data-start=\"5081\" data-end=\"5137\">11. Modifications de la politique de confidentialit\u00e9<\/strong><\/h2>\n<p data-start=\"5138\" data-end=\"5267\">WoodGeneration peut mettre \u00e0 jour ce document \u00e0 tout moment.<br data-start=\"5198\" data-end=\"5201\" \/>La version la plus r\u00e9cente est toujours disponible sur cette page.<\/p>\n<hr data-start=\"5269\" data-end=\"5272\" \/>\n<h2 data-start=\"5274\" data-end=\"5292\"><strong data-start=\"5277\" data-end=\"5292\">12. Contact<\/strong><\/h2>\n<p data-start=\"5293\" data-end=\"5341\">Pour toute question concernant cette politique :<\/p>\n<p data-start=\"5343\" data-end=\"5405\"><strong data-start=\"5343\" data-end=\"5361\">WoodGeneration<\/strong><br data-start=\"5361\" data-end=\"5364\" \/>\ud83d\udce9 pascal@woodgeneration.be<br data-start=\"5376\" data-end=\"5379\" \/>\ud83c\udf0d <a class=\"decorated-link\" href=\"http:\/\/www.woodgeneration.be\" target=\"_new\" rel=\"noopener\" data-start=\"5382\" data-end=\"5403\">www.woodgeneration.be<\/a><\/p>\n","protected":false},"excerpt":{"rendered":"<p>Derni\u00e8re mise \u00e0 jour : Novembre 2025 La pr\u00e9sente politique de confidentialit\u00e9  &#8230;<\/p>\n","protected":false},"author":1,"featured_media":0,"parent":0,"menu_order":0,"comment_status":"closed","ping_status":"open","template":"","meta":{"footnotes":""},"class_list":["post-6251","page","type-page","status-publish","hentry"],"_links":{"self":[{"href":"https:\/\/www.woodgeneration.be\/fr\/wp-json\/wp\/v2\/pages\/6251","targetHints":{"allow":["GET"]}}],"collection":[{"href":"https:\/\/www.woodgeneration.be\/fr\/wp-json\/wp\/v2\/pages"}],"about":[{"href":"https:\/\/www.woodgeneration.be\/fr\/wp-json\/wp\/v2\/types\/page"}],"author":[{"embeddable":true,"href":"https:\/\/www.woodgeneration.be\/fr\/wp-json\/wp\/v2\/users\/1"}],"replies":[{"embeddable":true,"href":"https:\/\/www.woodgeneration.be\/fr\/wp-json\/wp\/v2\/comments?post=6251"}],"version-history":[{"count":1,"href":"https:\/\/www.woodgeneration.be\/fr\/wp-json\/wp\/v2\/pages\/6251\/revisions"}],"predecessor-version":[{"id":6252,"href":"https:\/\/www.woodgeneration.be\/fr\/wp-json\/wp\/v2\/pages\/6251\/revisions\/6252"}],"wp:attachment":[{"href":"https:\/\/www.woodgeneration.be\/fr\/wp-json\/wp\/v2\/media?parent=6251"}],"curies":[{"name":"wp","href":"https:\/\/api.w.org\/{rel}","templated":true}]}}